{"id":553,"date":"2021-09-02T10:23:22","date_gmt":"2021-09-02T08:23:22","guid":{"rendered":"http:\/\/www.biesosona.com\/politica-de-cookies\/"},"modified":"2021-09-02T10:24:26","modified_gmt":"2021-09-02T08:24:26","slug":"politique-de-cookies","status":"publish","type":"page","link":"https:\/\/www.biesosona.com\/fr\/politique-de-cookies\/","title":{"rendered":"Politique de cookies"},"content":{"rendered":"<p>Un <em>cookie<\/em> est un petit fichier texte qui est stock\u00e9 dans votre navigateur lorsque vous visitez presque n&rsquo;importe quelle page Web. Son utilit\u00e9 est que le web est capable de se souvenir de votre visite lorsque vous revenez pour parcourir cette page. Les cookies stockent g\u00e9n\u00e9ralement des informations de nature technique, les pr\u00e9f\u00e9rences personnelles, la personnalisation du contenu, les statistiques d&rsquo;utilisation, les liens vers les r\u00e9seaux sociaux, l&rsquo;acc\u00e8s aux comptes d&rsquo;utilisateurs, etc. Le but du cookie est d&rsquo;adapter le contenu du site Web \u00e0 votre profil et \u00e0 vos besoins, sans les cookies, les services offerts par n&rsquo;importe quelle page seraient consid\u00e9rablement r\u00e9duits. Pour plus d&rsquo;informations sur ce que sont les cookies, qui stockent, comment supprimer, d\u00e9sactiver, etc., <a href=\"http:\/\/www.biesosona.com\/mas-informacion-sobre-las-cookies\/\">s&rsquo;il vous pla\u00eet \u00eatre dirig\u00e9 vers ce lien<\/a>.<\/p>\n<h2>Cookies utilis\u00e9s sur ce site<\/h2>\n<p>En suivant les directives de l&rsquo;Agence Espagnole pour la Protection des Donn\u00e9es, nous proc\u00e9dons \u00e0 l&rsquo;utilisation d\u00e9taill\u00e9e des cookies faits par ce site afin de vous informer le plus pr\u00e9cis\u00e9ment possible.<\/p>\n<p>Ce site utilise les<strong> cookies propres suivants<\/strong>:<\/p>\n<ul>\n<li>Les cookies de session, pour s&rsquo;assurer que les utilisateurs qui \u00e9crivent des commentaires sur le blog sont des applications humaines et non automatiques. De cette fa\u00e7on, le spam est combattu.<\/li>\n<\/ul>\n<p>Ce site utilise les <strong>cookies tiers suivants<\/strong>:<\/p>\n<ul>\n<li>Google Analytics: stocke les cookies pour pouvoir compiler des statistiques sur le trafic et le volume de visites sur ce site. En utilisant ce site, vous consentez au traitement des informations vous concernant par Google. Par cons\u00e9quent, l&rsquo;exercice de tout droit \u00e0 cet \u00e9gard doit le faire en communiquant directement avec Google.<\/li>\n<li>R\u00e9seaux sociaux: Chaque r\u00e9seau social utilise ses propres cookies afin que vous puissiez cliquer sur les boutons J&rsquo;aime ou Partager.<\/li>\n<\/ul>\n<h2>D\u00e9sactivation ou \u00e9limination des cookies<\/h2>\n<p>Vous pouvez \u00e0 tout moment exercer votre droit de d\u00e9sactiver ou d&rsquo;\u00e9liminer les cookies de ce site. Ces actions sont effectu\u00e9es diff\u00e9remment selon le navigateur que vous utilisez. Voici un <a href=\"http:\/\/www.biesosona.com\/mas-informacion-sobre-las-cookies\/#navegadores\">guide rapide pour les navigateurs les plus populaires<\/a>.<\/p>\n<h2>Notes suppl\u00e9mentaires<\/h2>\n<p>Ni ce site ni ses repr\u00e9sentants l\u00e9gaux ne sont responsables du contenu ou de la v\u00e9racit\u00e9 des politiques de confidentialit\u00e9 que les tiers mentionn\u00e9s dans cette politique de cookies peuvent avoir.<\/p>\n<p>Les navigateurs Web sont les outils en charge du stockage des cookies et de ce lieu vous devez exercer votre droit de les \u00e9liminer ou de les d\u00e9sactiver. Ni ce site ni ses repr\u00e9sentants l\u00e9gaux ne peuvent garantir la manipulation correcte ou incorrecte des cookies par les navigateurs susmentionn\u00e9s.<\/p>\n<p>Dans certains cas, il est n\u00e9cessaire d&rsquo;installer des cookies afin que le navigateur n&rsquo;oublie pas sa d\u00e9cision de ne pas les accepter.<\/p>\n<p>Dans le cas des cookies de Google Analytics, l&rsquo;entreprise stocke les cookies sur des serveurs aux \u00c9tats-Unis et d&rsquo;accord de ne pas partager avec des tiers, sauf dans les cas o\u00f9 n\u00e9cessaires au bon fonctionnement du syst\u00e8me ou lorsque requis par la loi un tel effet. Selon Google ne sauvegarde pas votre adresse IP. Google Inc. est une soci\u00e9t\u00e9 adh\u00e9rant au Safe Harbor Agreement qui garantit que toutes les donn\u00e9es transf\u00e9r\u00e9es seront trait\u00e9es avec un niveau de protection conforme \u00e0 la r\u00e9glementation europ\u00e9enne. Vous pouvez consulter des informations d\u00e9taill\u00e9es \u00e0 ce sujet sur <a href=\"http:\/\/safeharbor.export.gov\/companyinfo.aspx?id=16626\" target=\"_blank\" rel=\"noopener\">ce lien<\/a>. Si vous voulez des informations sur l&rsquo;utilisation que Google donne aux cookies, nous attachons <a href=\"https:\/\/developers.google.com\/analytics\/devguides\/collection\/analyticsjs\/cookie-usage?hl=es&amp;csw=1\" target=\"_blank\" rel=\"noopener\">cet autre lien<\/a>.<\/p>\n<p>Pour toute question ou demande concernant cette politique de cookies, n&rsquo;h\u00e9sitez pas \u00e0 nous contacter via la section contact.<\/p>\n","protected":false},"excerpt":{"rendered":"<p>Un cookie est un petit fichier texte qui est stock\u00e9 dans votre navigateur lorsque vous visitez presque n&rsquo;importe quelle page Web. Son utilit\u00e9 est que le web est capable de se souvenir de votre visite lorsque vous revenez pour parcourir cette page. Les cookies stockent g\u00e9n\u00e9ralement des informations de nature technique, les pr\u00e9f\u00e9rences personnelles, la [&hellip;]<\/p>\n","protected":false},"author":1,"featured_media":0,"parent":0,"menu_order":6,"comment_status":"closed","ping_status":"closed","template":"","meta":{"footnotes":""},"class_list":["post-553","page","type-page","status-publish","hentry"],"yoast_head":"<!-- This site is optimized with the Yoast SEO plugin v19.10 - https:\/\/yoast.com\/wordpress\/plugins\/seo\/ -->\n<title>Politique de cookies - Bi\u00e9s Osona<\/title>\n<meta name=\"robots\" content=\"index, follow, max-snippet:-1, max-image-preview:large, max-video-preview:-1\" \/>\n<link rel=\"canonical\" href=\"https:\/\/www.biesosona.com\/fr\/politique-de-cookies\/\" \/>\n<meta property=\"og:locale\" content=\"fr_FR\" \/>\n<meta property=\"og:type\" content=\"article\" \/>\n<meta property=\"og:title\" content=\"Politique de cookies - Bi\u00e9s Osona\" \/>\n<meta property=\"og:description\" content=\"Un cookie est un petit fichier texte qui est stock\u00e9 dans votre navigateur lorsque vous visitez presque n&rsquo;importe quelle page Web. Son utilit\u00e9 est que le web est capable de se souvenir de votre visite lorsque vous revenez pour parcourir cette page. Les cookies stockent g\u00e9n\u00e9ralement des informations de nature technique, les pr\u00e9f\u00e9rences personnelles, la [&hellip;]\" \/>\n<meta property=\"og:url\" content=\"https:\/\/www.biesosona.com\/fr\/politique-de-cookies\/\" \/>\n<meta property=\"og:site_name\" content=\"Bi\u00e9s Osona\" \/>\n<meta property=\"article:modified_time\" content=\"2021-09-02T08:24:26+00:00\" \/>\n<meta name=\"twitter:card\" content=\"summary_large_image\" \/>\n<meta name=\"twitter:label1\" content=\"Dur\u00e9e de lecture estim\u00e9e\" \/>\n\t<meta name=\"twitter:data1\" content=\"3 minutes\" \/>\n<script type=\"application\/ld+json\" class=\"yoast-schema-graph\">{\"@context\":\"https:\/\/schema.org\",\"@graph\":[{\"@type\":\"WebPage\",\"@id\":\"https:\/\/www.biesosona.com\/fr\/politique-de-cookies\/\",\"url\":\"https:\/\/www.biesosona.com\/fr\/politique-de-cookies\/\",\"name\":\"Politique de cookies - Bi\u00e9s Osona\",\"isPartOf\":{\"@id\":\"https:\/\/www.biesosona.com\/#website\"},\"datePublished\":\"2021-09-02T08:23:22+00:00\",\"dateModified\":\"2021-09-02T08:24:26+00:00\",\"breadcrumb\":{\"@id\":\"https:\/\/www.biesosona.com\/fr\/politique-de-cookies\/#breadcrumb\"},\"inLanguage\":\"fr-FR\",\"potentialAction\":[{\"@type\":\"ReadAction\",\"target\":[\"https:\/\/www.biesosona.com\/fr\/politique-de-cookies\/\"]}]},{\"@type\":\"BreadcrumbList\",\"@id\":\"https:\/\/www.biesosona.com\/fr\/politique-de-cookies\/#breadcrumb\",\"itemListElement\":[{\"@type\":\"ListItem\",\"position\":1,\"name\":\"Home\",\"item\":\"https:\/\/www.biesosona.com\/fr\/\"},{\"@type\":\"ListItem\",\"position\":2,\"name\":\"Politique de cookies\"}]},{\"@type\":\"WebSite\",\"@id\":\"https:\/\/www.biesosona.com\/#website\",\"url\":\"https:\/\/www.biesosona.com\/\",\"name\":\"Bi\u00e9s Osona\",\"description\":\"\",\"potentialAction\":[{\"@type\":\"SearchAction\",\"target\":{\"@type\":\"EntryPoint\",\"urlTemplate\":\"https:\/\/www.biesosona.com\/?s={search_term_string}\"},\"query-input\":\"required name=search_term_string\"}],\"inLanguage\":\"fr-FR\"}]}<\/script>\n<!-- \/ Yoast SEO plugin. -->","yoast_head_json":{"title":"Politique de cookies - Bi\u00e9s Osona","robots":{"index":"index","follow":"follow","max-snippet":"max-snippet:-1","max-image-preview":"max-image-preview:large","max-video-preview":"max-video-preview:-1"},"canonical":"https:\/\/www.biesosona.com\/fr\/politique-de-cookies\/","og_locale":"fr_FR","og_type":"article","og_title":"Politique de cookies - Bi\u00e9s Osona","og_description":"Un cookie est un petit fichier texte qui est stock\u00e9 dans votre navigateur lorsque vous visitez presque n&rsquo;importe quelle page Web. Son utilit\u00e9 est que le web est capable de se souvenir de votre visite lorsque vous revenez pour parcourir cette page. Les cookies stockent g\u00e9n\u00e9ralement des informations de nature technique, les pr\u00e9f\u00e9rences personnelles, la [&hellip;]","og_url":"https:\/\/www.biesosona.com\/fr\/politique-de-cookies\/","og_site_name":"Bi\u00e9s Osona","article_modified_time":"2021-09-02T08:24:26+00:00","twitter_card":"summary_large_image","twitter_misc":{"Dur\u00e9e de lecture estim\u00e9e":"3 minutes"},"schema":{"@context":"https:\/\/schema.org","@graph":[{"@type":"WebPage","@id":"https:\/\/www.biesosona.com\/fr\/politique-de-cookies\/","url":"https:\/\/www.biesosona.com\/fr\/politique-de-cookies\/","name":"Politique de cookies - Bi\u00e9s Osona","isPartOf":{"@id":"https:\/\/www.biesosona.com\/#website"},"datePublished":"2021-09-02T08:23:22+00:00","dateModified":"2021-09-02T08:24:26+00:00","breadcrumb":{"@id":"https:\/\/www.biesosona.com\/fr\/politique-de-cookies\/#breadcrumb"},"inLanguage":"fr-FR","potentialAction":[{"@type":"ReadAction","target":["https:\/\/www.biesosona.com\/fr\/politique-de-cookies\/"]}]},{"@type":"BreadcrumbList","@id":"https:\/\/www.biesosona.com\/fr\/politique-de-cookies\/#breadcrumb","itemListElement":[{"@type":"ListItem","position":1,"name":"Home","item":"https:\/\/www.biesosona.com\/fr\/"},{"@type":"ListItem","position":2,"name":"Politique de cookies"}]},{"@type":"WebSite","@id":"https:\/\/www.biesosona.com\/#website","url":"https:\/\/www.biesosona.com\/","name":"Bi\u00e9s Osona","description":"","potentialAction":[{"@type":"SearchAction","target":{"@type":"EntryPoint","urlTemplate":"https:\/\/www.biesosona.com\/?s={search_term_string}"},"query-input":"required name=search_term_string"}],"inLanguage":"fr-FR"}]}},"_links":{"self":[{"href":"https:\/\/www.biesosona.com\/fr\/wp-json\/wp\/v2\/pages\/553","targetHints":{"allow":["GET"]}}],"collection":[{"href":"https:\/\/www.biesosona.com\/fr\/wp-json\/wp\/v2\/pages"}],"about":[{"href":"https:\/\/www.biesosona.com\/fr\/wp-json\/wp\/v2\/types\/page"}],"author":[{"embeddable":true,"href":"https:\/\/www.biesosona.com\/fr\/wp-json\/wp\/v2\/users\/1"}],"replies":[{"embeddable":true,"href":"https:\/\/www.biesosona.com\/fr\/wp-json\/wp\/v2\/comments?post=553"}],"version-history":[{"count":1,"href":"https:\/\/www.biesosona.com\/fr\/wp-json\/wp\/v2\/pages\/553\/revisions"}],"predecessor-version":[{"id":556,"href":"https:\/\/www.biesosona.com\/fr\/wp-json\/wp\/v2\/pages\/553\/revisions\/556"}],"wp:attachment":[{"href":"https:\/\/www.biesosona.com\/fr\/wp-json\/wp\/v2\/media?parent=553"}],"curies":[{"name":"wp","href":"https:\/\/api.w.org\/{rel}","templated":true}]}}